{"id":463,"date":"2022-01-20T09:41:10","date_gmt":"2022-01-20T12:41:10","guid":{"rendered":"http:\/\/dadospi.com\/?page_id=463"},"modified":"2023-09-11T19:16:56","modified_gmt":"2023-09-11T22:16:56","slug":"quem-somos","status":"publish","type":"page","link":"https:\/\/dadospi.com\/index.php\/quem-somos\/","title":{"rendered":"Quem somos?"},"content":{"rendered":"\n<p>Em face da participa\u00e7\u00e3o cidad\u00e3 no esfor\u00e7o conceitual do processo da Transpar\u00eancia P\u00fablica, o (<strong>Dadospi.com<\/strong>), permite uma narrativa simplificada e de f\u00e1cil compreens\u00e3o para subsidiar o cidad\u00e3o na avalia\u00e7\u00e3o das atividades do Poder P\u00fablico.<\/p>\n\n\n\n<p>O conhecimento catalogado em dados torna o ambiente favor\u00e1vel para a constru\u00e7\u00e3o de indicadores socioecon\u00f4micos, assim como para a formula\u00e7\u00e3o e avalia\u00e7\u00e3o das pol\u00edticas p\u00fablicas, indispens\u00e1veis na mensura\u00e7\u00e3o dos servi\u00e7os da nova Administra\u00e7\u00e3o P\u00fablica.<\/p>\n\n\n\n<p>Em suma : Somos uma Assessoria com Foco nos Resultados.<\/p>\n\n\n\n<blockquote class=\"wp-block-quote is-layout-flow wp-block-quote-is-layout-flow\">\n<p>&#8220;Quando voc\u00ea pode medir aquilo de que fala e express\u00e1-lo em n\u00fameros, voc\u00ea sabe alguma coisa sobre isto. Mas quando voc\u00ea n\u00e3o pode medi-lo, quando voc\u00ea n\u00e3o pode express\u00e1-lo em n\u00fameros, o seu conhecimento \u00e9 limitado&#8221;&#8230;<\/p>\n<cite>William Thomson, Lord Kelvin<br>Confer\u00eancia em 3 de maio de 1883<\/cite><\/blockquote>\n\n\n\n<p><\/p>\n","protected":false},"excerpt":{"rendered":"<p>Em face da participa\u00e7\u00e3o cidad\u00e3 no esfor\u00e7o conceitual do processo da Transpar\u00eancia P\u00fablica, o (Dadospi.com), permite uma narrativa simplificada e de f\u00e1cil compreens\u00e3o para subsidiar o cidad\u00e3o na avalia\u00e7\u00e3o das atividades do Poder P\u00fablico. O conhecimento catalogado em dados torna o ambiente favor\u00e1vel para a constru\u00e7\u00e3o de indicadores socioecon\u00f4micos, assim como para a formula\u00e7\u00e3o e&hellip; <a href=\"https:\/\/dadospi.com\/index.php\/quem-somos\/\" class=\"more-link\">Leia mais <span class=\"screen-reader-text\">Quem somos?<\/span><\/a><\/p>\n","protected":false},"author":1,"featured_media":0,"parent":0,"menu_order":0,"comment_status":"closed","ping_status":"closed","template":"","meta":{"om_disable_all_campaigns":false,"_monsterinsights_skip_tracking":false,"_monsterinsights_sitenote_active":false,"_monsterinsights_sitenote_note":"","_monsterinsights_sitenote_category":0,"footnotes":""},"class_list":["post-463","page","type-page","status-publish","hentry"],"_links":{"self":[{"href":"https:\/\/dadospi.com\/index.php\/wp-json\/wp\/v2\/pages\/463","targetHints":{"allow":["GET"]}}],"collection":[{"href":"https:\/\/dadospi.com\/index.php\/wp-json\/wp\/v2\/pages"}],"about":[{"href":"https:\/\/dadospi.com\/index.php\/wp-json\/wp\/v2\/types\/page"}],"author":[{"embeddable":true,"href":"https:\/\/dadospi.com\/index.php\/wp-json\/wp\/v2\/users\/1"}],"replies":[{"embeddable":true,"href":"https:\/\/dadospi.com\/index.php\/wp-json\/wp\/v2\/comments?post=463"}],"version-history":[{"count":9,"href":"https:\/\/dadospi.com\/index.php\/wp-json\/wp\/v2\/pages\/463\/revisions"}],"predecessor-version":[{"id":618,"href":"https:\/\/dadospi.com\/index.php\/wp-json\/wp\/v2\/pages\/463\/revisions\/618"}],"wp:attachment":[{"href":"https:\/\/dadospi.com\/index.php\/wp-json\/wp\/v2\/media?parent=463"}],"curies":[{"name":"wp","href":"https:\/\/api.w.org\/{rel}","templated":true}]}}