{"id":444,"date":"2022-01-20T09:12:45","date_gmt":"2022-01-20T12:12:45","guid":{"rendered":"http:\/\/dadospi.com\/?page_id=444"},"modified":"2022-01-20T19:26:40","modified_gmt":"2022-01-20T22:26:40","slug":"home","status":"publish","type":"page","link":"https:\/\/dadospi.com\/index.php\/home\/","title":{"rendered":"Home"},"content":{"rendered":"\n<div class=\"wp-block-columns is-layout-flex wp-container-core-columns-is-layout-9d6595d7 wp-block-columns-is-layout-flex\">\n<div class=\"wp-block-column is-layout-flow wp-block-column-is-layout-flow\" style=\"flex-basis:100%\">\n<div class=\"wp-block-columns are-vertically-aligned-center is-layout-flex wp-container-core-columns-is-layout-9d6595d7 wp-block-columns-is-layout-flex\">\n<div class=\"wp-block-column is-vertically-aligned-center is-layout-flow wp-block-column-is-layout-flow\" style=\"flex-basis:100%\">\n<div class=\"wp-block-group\"><div class=\"wp-block-group__inner-container is-layout-flow wp-block-group-is-layout-flow\"><ul class=\"wp-block-latest-posts__list is-grid columns-3 aligncenter wp-block-latest-posts\"><li><a class=\"wp-block-latest-posts__post-title\" href=\"https:\/\/dadospi.com\/index.php\/2026\/03\/09\/regularizacao-fundiaria-avanca-em-cajueiro-da-praia-e-beneficiara-mais-de-700-familias\/\">Regulariza\u00e7\u00e3o fundi\u00e1ria avan\u00e7a em Cajueiro da Praia e beneficiar\u00e1 mais de  700 fam\u00edlias<\/a><\/li>\n<li><a class=\"wp-block-latest-posts__post-title\" href=\"https:\/\/dadospi.com\/index.php\/2026\/03\/05\/dep-julio-cesar-destina-emenda-ao-ministerio-do-desenvolvimento-social-para-reforcar-a-assistencia-social-em-municipios-do-piaui\/\">Dep. J\u00falio C\u00e9sar destina emenda ao Minist\u00e9rio do Desenvolvimento Social para refor\u00e7ar a Assist\u00eancia Social em munic\u00edpios do Piau\u00ed<\/a><\/li>\n<li><a class=\"wp-block-latest-posts__post-title\" href=\"https:\/\/dadospi.com\/index.php\/2025\/12\/19\/parnaiba-e-habilitada-para-receber-ate-300-unidades-habitacionais-do-minha-casa-minha-vida\/\">Parna\u00edba \u00e9 habilitada para receber at\u00e9 300 unidades habitacionais do Minha Casa, Minha Vida<\/a><\/li>\n<li><a class=\"wp-block-latest-posts__post-title\" href=\"https:\/\/dadospi.com\/index.php\/2025\/11\/25\/espaco-esportivo-comunitario-parnaiba-e-selecionada-pelo-ministerio-do-esporte\/\">Espa\u00e7o Esportivo Comunit\u00e1rio: Parna\u00edba \u00e9 selecionada pelo Minist\u00e9rio do Esporte<\/a><\/li>\n<li><a class=\"wp-block-latest-posts__post-title\" href=\"https:\/\/dadospi.com\/index.php\/2025\/10\/20\/ministerio-do-trabalho-cancela-registro-de-mais-de-100-sindicatos-no-piaui-por-falta-de-atualizacao-no-sistema-cnes\/\">Minist\u00e9rio do Trabalho cancela registro de mais de 100 sindicatos no Piau\u00ed por falta de atualiza\u00e7\u00e3o no sistema CNES<\/a><\/li>\n<\/ul><\/div><\/div>\n<\/div>\n<\/div>\n<\/div>\n<\/div>\n","protected":false},"excerpt":{"rendered":"","protected":false},"author":1,"featured_media":0,"parent":0,"menu_order":0,"comment_status":"closed","ping_status":"closed","template":"","meta":{"om_disable_all_campaigns":false,"_monsterinsights_skip_tracking":false,"_monsterinsights_sitenote_active":false,"_monsterinsights_sitenote_note":"","_monsterinsights_sitenote_category":0,"footnotes":""},"class_list":["post-444","page","type-page","status-publish","hentry"],"_links":{"self":[{"href":"https:\/\/dadospi.com\/index.php\/wp-json\/wp\/v2\/pages\/444","targetHints":{"allow":["GET"]}}],"collection":[{"href":"https:\/\/dadospi.com\/index.php\/wp-json\/wp\/v2\/pages"}],"about":[{"href":"https:\/\/dadospi.com\/index.php\/wp-json\/wp\/v2\/types\/page"}],"author":[{"embeddable":true,"href":"https:\/\/dadospi.com\/index.php\/wp-json\/wp\/v2\/users\/1"}],"replies":[{"embeddable":true,"href":"https:\/\/dadospi.com\/index.php\/wp-json\/wp\/v2\/comments?post=444"}],"version-history":[{"count":3,"href":"https:\/\/dadospi.com\/index.php\/wp-json\/wp\/v2\/pages\/444\/revisions"}],"predecessor-version":[{"id":491,"href":"https:\/\/dadospi.com\/index.php\/wp-json\/wp\/v2\/pages\/444\/revisions\/491"}],"wp:attachment":[{"href":"https:\/\/dadospi.com\/index.php\/wp-json\/wp\/v2\/media?parent=444"}],"curies":[{"name":"wp","href":"https:\/\/api.w.org\/{rel}","templated":true}]}}